{"id":3752,"date":"2024-05-22T06:53:27","date_gmt":"2024-05-22T06:53:27","guid":{"rendered":"https:\/\/development.gstudiocorp.com\/?page_id=3752"},"modified":"2024-07-15T17:43:40","modified_gmt":"2024-07-15T17:43:40","slug":"acompanamiento-individual-duplicate-2912","status":"publish","type":"page","link":"https:\/\/development.gstudiocorp.com\/en\/acompanamiento-individual-duplicate-2912\/","title":{"rendered":"Memoria hist\u00f3rica feminista"},"content":{"rendered":"<div data-elementor-type=\"wp-page\" data-elementor-id=\"3752\" class=\"elementor elementor-3752\" data-elementor-post-type=\"page\">\n\t\t\t\t<div class=\"elementor-element elementor-element-a695918 e-flex e-con-boxed e-con e-parent\" data-id=\"a695918\" data-element_type=\"container\" data-settings=\"{&quot;background_background&quot;:&quot;classic&quot;,&quot;content_width&quot;:&quot;boxed&quot;}\" data-core-v316-plus=\"true\">\n\t\t\t\t\t<div class=\"e-con-inner\">\n\t\t\t\t<div class=\"elementor-element elementor-element-0770131 elementor-widget elementor-widget-spacer\" data-id=\"0770131\" data-element_type=\"widget\" data-widget_type=\"spacer.default\">\n\t\t\t\t<div class=\"elementor-widget-container\">\n\t\t\t<style>\/*! elementor - v3.19.0 - 29-01-2024 *\/\n.elementor-column .elementor-spacer-inner{height:var(--spacer-size)}.e-con{--container-widget-width:100%}.e-con-inner>.elementor-widget-spacer,.e-con>.elementor-widget-spacer{width:var(--container-widget-width,var(--spacer-size));--align-self:var(--container-widget-align-self,initial);--flex-shrink:0}.e-con-inner>.elementor-widget-spacer>.elementor-widget-container,.e-con>.elementor-widget-spacer>.elementor-widget-container{height:100%;width:100%}.e-con-inner>.elementor-widget-spacer>.elementor-widget-container>.elementor-spacer,.e-con>.elementor-widget-spacer>.elementor-widget-container>.elementor-spacer{height:100%}.e-con-inner>.elementor-widget-spacer>.elementor-widget-container>.elementor-spacer>.elementor-spacer-inner,.e-con>.elementor-widget-spacer>.elementor-widget-container>.elementor-spacer>.elementor-spacer-inner{height:var(--container-widget-height,var(--spacer-size))}.e-con-inner>.elementor-widget-spacer.elementor-widget-empty,.e-con>.elementor-widget-spacer.elementor-widget-empty{position:relative;min-height:22px;min-width:22px}.e-con-inner>.elementor-widget-spacer.elementor-widget-empty .elementor-widget-empty-icon,.e-con>.elementor-widget-spacer.elementor-widget-empty .elementor-widget-empty-icon{position:absolute;top:0;bottom:0;left:0;right:0;margin:auto;padding:0;width:22px;height:22px}<\/style>\t\t<div class=\"elementor-spacer\">\n\t\t\t<div class=\"elementor-spacer-inner\"><\/div>\n\t\t<\/div>\n\t\t\t\t<\/div>\n\t\t\t\t<\/div>\n\t\t\t\t\t<\/div>\n\t\t\t\t<\/div>\n\t\t<div class=\"elementor-element elementor-element-062be5b e-flex e-con-boxed e-con e-parent\" data-id=\"062be5b\" data-element_type=\"container\" data-settings=\"{&quot;background_background&quot;:&quot;classic&quot;,&quot;content_width&quot;:&quot;boxed&quot;}\" data-core-v316-plus=\"true\">\n\t\t\t\t\t<div class=\"e-con-inner\">\n\t\t<div class=\"elementor-element elementor-element-dce3b19 e-con-full e-flex e-con e-child\" data-id=\"dce3b19\" data-element_type=\"container\" data-settings=\"{&quot;content_width&quot;:&quot;full&quot;}\">\n\t\t\t\t<div class=\"elementor-element elementor-element-20f24e8 elementor-widget elementor-widget-image\" data-id=\"20f24e8\" data-element_type=\"widget\" data-widget_type=\"image.default\">\n\t\t\t\t<div class=\"elementor-widget-container\">\n\t\t\t<style>\/*! elementor - v3.19.0 - 29-01-2024 *\/\n.elementor-widget-image{text-align:center}.elementor-widget-image a{display:inline-block}.elementor-widget-image a img[src$=\".svg\"]{width:48px}.elementor-widget-image img{vertical-align:middle;display:inline-block}<\/style>\t\t\t\t\t\t\t\t\t\t\t<a href=\"https:\/\/development.gstudiocorp.com\/en\/\">\n\t\t\t\t\t\t\t<img decoding=\"async\" width=\"39\" height=\"45\" src=\"https:\/\/development.gstudiocorp.com\/wp-content\/uploads\/2024\/02\/Polygon-11.png\" class=\"attachment-large size-large wp-image-1443\" alt=\"\" \/>\t\t\t\t\t\t\t\t<\/a>\n\t\t\t\t\t\t\t\t\t\t\t\t\t<\/div>\n\t\t\t\t<\/div>\n\t\t\t\t<\/div>\n\t\t<div class=\"elementor-element elementor-element-480f68d e-con-full e-flex e-con e-child\" data-id=\"480f68d\" data-element_type=\"container\" data-settings=\"{&quot;content_width&quot;:&quot;full&quot;}\">\n\t\t\t\t<div class=\"elementor-element elementor-element-be140af elementor-widget elementor-widget-heading\" data-id=\"be140af\" data-element_type=\"widget\" data-widget_type=\"heading.default\">\n\t\t\t\t<div class=\"elementor-widget-container\">\n\t\t\t<style>\/*! elementor - v3.19.0 - 29-01-2024 *\/\n.elementor-heading-title{padding:0;margin:0;line-height:1}.elementor-widget-heading .elementor-heading-title[class*=elementor-size-]>a{color:inherit;font-size:inherit;line-height:inherit}.elementor-widget-heading .elementor-heading-title.elementor-size-small{font-size:15px}.elementor-widget-heading .elementor-heading-title.elementor-size-medium{font-size:19px}.elementor-widget-heading .elementor-heading-title.elementor-size-large{font-size:29px}.elementor-widget-heading .elementor-heading-title.elementor-size-xl{font-size:39px}.elementor-widget-heading .elementor-heading-title.elementor-size-xxl{font-size:59px}<\/style><h2 class=\"elementor-heading-title elementor-size-default\">Memoria hist\u00f3rica feminista<\/h2>\t\t<\/div>\n\t\t\t\t<\/div>\n\t\t\t\t<\/div>\n\t\t\t\t\t<\/div>\n\t\t\t\t<\/div>\n\t\t<div class=\"elementor-element elementor-element-34891b4 e-flex e-con-boxed e-con e-parent\" data-id=\"34891b4\" data-element_type=\"container\" id=\"JuliaEsquivel\" data-settings=\"{&quot;content_width&quot;:&quot;boxed&quot;}\" data-core-v316-plus=\"true\">\n\t\t\t\t\t<div class=\"e-con-inner\">\n\t\t\t\t<div class=\"elementor-element elementor-element-bcec81e elementor-widget elementor-widget-spacer\" data-id=\"bcec81e\" data-element_type=\"widget\" data-widget_type=\"spacer.default\">\n\t\t\t\t<div class=\"elementor-widget-container\">\n\t\t\t\t\t<div class=\"elementor-spacer\">\n\t\t\t<div class=\"elementor-spacer-inner\"><\/div>\n\t\t<\/div>\n\t\t\t\t<\/div>\n\t\t\t\t<\/div>\n\t\t\t\t<div class=\"elementor-element elementor-element-1825250 elementor-widget elementor-widget-image\" data-id=\"1825250\" data-element_type=\"widget\" data-widget_type=\"image.default\">\n\t\t\t\t<div class=\"elementor-widget-container\">\n\t\t\t\t\t\t\t\t\t\t\t\t\t<img fetchpriority=\"high\" decoding=\"async\" width=\"800\" height=\"452\" src=\"https:\/\/development.gstudiocorp.com\/wp-content\/uploads\/2024\/07\/MemoriaFeminista1-1024x579.jpg\" class=\"attachment-large size-large wp-image-3825\" alt=\"\" srcset=\"https:\/\/development.gstudiocorp.com\/wp-content\/uploads\/2024\/07\/MemoriaFeminista1-1024x579.jpg 1024w, https:\/\/development.gstudiocorp.com\/wp-content\/uploads\/2024\/07\/MemoriaFeminista1-300x170.jpg 300w, https:\/\/development.gstudiocorp.com\/wp-content\/uploads\/2024\/07\/MemoriaFeminista1-768x434.jpg 768w, https:\/\/development.gstudiocorp.com\/wp-content\/uploads\/2024\/07\/MemoriaFeminista1-1536x868.jpg 1536w, https:\/\/development.gstudiocorp.com\/wp-content\/uploads\/2024\/07\/MemoriaFeminista1-2048x1158.jpg 2048w, https:\/\/development.gstudiocorp.com\/wp-content\/uploads\/2024\/07\/MemoriaFeminista1-18x10.jpg 18w\" sizes=\"(max-width: 800px) 100vw, 800px\" \/>\t\t\t\t\t\t\t\t\t\t\t\t\t<\/div>\n\t\t\t\t<\/div>\n\t\t\t\t<div class=\"elementor-element elementor-element-708a0d2 elementor-widget elementor-widget-spacer\" data-id=\"708a0d2\" data-element_type=\"widget\" data-widget_type=\"spacer.default\">\n\t\t\t\t<div class=\"elementor-widget-container\">\n\t\t\t\t\t<div class=\"elementor-spacer\">\n\t\t\t<div class=\"elementor-spacer-inner\"><\/div>\n\t\t<\/div>\n\t\t\t\t<\/div>\n\t\t\t\t<\/div>\n\t\t\t\t<div class=\"elementor-element elementor-element-9687d92 elementor-widget elementor-widget-heading\" data-id=\"9687d92\" data-element_type=\"widget\" id=\"CentroDoc\" data-widget_type=\"heading.default\">\n\t\t\t\t<div class=\"elementor-widget-container\">\n\t\t\t<h2 class=\"elementor-heading-title elementor-size-default\"><strong>CENTRO DE DOCUMENTACI\u00d3N JULIA ESQUIVEL:<\/strong><\/h2>\t\t<\/div>\n\t\t\t\t<\/div>\n\t\t<div class=\"elementor-element elementor-element-0aa808c e-flex e-con-boxed e-con e-child\" data-id=\"0aa808c\" data-element_type=\"container\" data-settings=\"{&quot;background_background&quot;:&quot;classic&quot;,&quot;content_width&quot;:&quot;boxed&quot;}\">\n\t\t\t\t\t<div class=\"e-con-inner\">\n\t\t<div class=\"elementor-element elementor-element-85c0ddc e-con-full e-flex e-con e-child\" data-id=\"85c0ddc\" data-element_type=\"container\" data-settings=\"{&quot;content_width&quot;:&quot;full&quot;}\">\n\t\t\t\t<div class=\"elementor-element elementor-element-2b215b8 elementor-widget elementor-widget-text-editor\" data-id=\"2b215b8\" data-element_type=\"widget\" data-widget_type=\"text-editor.default\">\n\t\t\t\t<div class=\"elementor-widget-container\">\n\t\t\t<style>\/*! elementor - v3.19.0 - 29-01-2024 *\/\n.elementor-widget-text-editor.elementor-drop-cap-view-stacked .elementor-drop-cap{background-color:#69727d;color:#fff}.elementor-widget-text-editor.elementor-drop-cap-view-framed .elementor-drop-cap{color:#69727d;border:3px solid;background-color:transparent}.elementor-widget-text-editor:not(.elementor-drop-cap-view-default) .elementor-drop-cap{margin-top:8px}.elementor-widget-text-editor:not(.elementor-drop-cap-view-default) .elementor-drop-cap-letter{width:1em;height:1em}.elementor-widget-text-editor .elementor-drop-cap{float:left;text-align:center;line-height:1;font-size:50px}.elementor-widget-text-editor .elementor-drop-cap-letter{display:inline-block}<\/style>\t\t\t\t<p>El Centro de Documentaci\u00f3n Julia Esquivel inicia en el a\u00f1o 2012. Su intenci\u00f3n fue desde el principio contar con una dotaci\u00f3n de libros de consulta y lectura para quienes participan en los cursos y diplomados de Centro Q\u2019anil. Contamos en la actualidad con una Biblioteca y Hemeroteca en el que se encuentran clasificados m\u00e1s 1670 libros, todos organizados en Colecciones clasificadas de Antropolog\u00eda, Literatura, Filosof\u00eda, Memoria Hist\u00f3rica, Pensamiento Transpersonal, Psicolog\u00eda y Acompa\u00f1amiento, Cosmovisi\u00f3n Maya, Memoria, Cuerpos y Sexualidades, Feminismos, Metodolog\u00eda y material did\u00e1ctico.<\/p><p>\u00a0<\/p><p>Adicionalmente contamos con una base de datos digital en la que se pueden consultar todos estos libros ya se encuentra listo para ser gestionado y prestar servicios a lxs asistente, tanto participantes de procesos y comunidad de Q&#8217;anil como estudiantes e investigadorxs invitadxs por Q\u2019anil. Pero esperamos que mejoren las condiciones de presencialidad para determinar la forma en que podr\u00eda funcionar abierta al p\u00fablico. Se cuenta asimismo con aprox. 140 materiales de consulta en el espacio de Hemeroteca.<\/p>\t\t\t\t\t\t<\/div>\n\t\t\t\t<\/div>\n\t\t\t\t<\/div>\n\t\t\t\t\t<\/div>\n\t\t\t\t<\/div>\n\t\t\t\t<div class=\"elementor-element elementor-element-568622c elementor-widget elementor-widget-spacer\" data-id=\"568622c\" data-element_type=\"widget\" data-widget_type=\"spacer.default\">\n\t\t\t\t<div class=\"elementor-widget-container\">\n\t\t\t\t\t<div class=\"elementor-spacer\">\n\t\t\t<div class=\"elementor-spacer-inner\"><\/div>\n\t\t<\/div>\n\t\t\t\t<\/div>\n\t\t\t\t<\/div>\n\t\t\t\t<div class=\"elementor-element elementor-element-39cc9c7 elementor-widget-divider--view-line elementor-widget elementor-widget-divider\" data-id=\"39cc9c7\" data-element_type=\"widget\" data-widget_type=\"divider.default\">\n\t\t\t\t<div class=\"elementor-widget-container\">\n\t\t\t<style>\/*! elementor - v3.19.0 - 29-01-2024 *\/\n.elementor-widget-divider{--divider-border-style:none;--divider-border-width:1px;--divider-color:#0c0d0e;--divider-icon-size:20px;--divider-element-spacing:10px;--divider-pattern-height:24px;--divider-pattern-size:20px;--divider-pattern-url:none;--divider-pattern-repeat:repeat-x}.elementor-widget-divider .elementor-divider{display:flex}.elementor-widget-divider .elementor-divider__text{font-size:15px;line-height:1;max-width:95%}.elementor-widget-divider .elementor-divider__element{margin:0 var(--divider-element-spacing);flex-shrink:0}.elementor-widget-divider .elementor-icon{font-size:var(--divider-icon-size)}.elementor-widget-divider .elementor-divider-separator{display:flex;margin:0;direction:ltr}.elementor-widget-divider--view-line_icon .elementor-divider-separator,.elementor-widget-divider--view-line_text .elementor-divider-separator{align-items:center}.elementor-widget-divider--view-line_icon .elementor-divider-separator:after,.elementor-widget-divider--view-line_icon .elementor-divider-separator:before,.elementor-widget-divider--view-line_text .elementor-divider-separator:after,.elementor-widget-divider--view-line_text .elementor-divider-separator:before{display:block;content:\"\";border-block-end:0;flex-grow:1;border-block-start:var(--divider-border-width) var(--divider-border-style) var(--divider-color)}.elementor-widget-divider--element-align-left .elementor-divider .elementor-divider-separator>.elementor-divider__svg:first-of-type{flex-grow:0;flex-shrink:100}.elementor-widget-divider--element-align-left .elementor-divider-separator:before{content:none}.elementor-widget-divider--element-align-left .elementor-divider__element{margin-left:0}.elementor-widget-divider--element-align-right .elementor-divider .elementor-divider-separator>.elementor-divider__svg:last-of-type{flex-grow:0;flex-shrink:100}.elementor-widget-divider--element-align-right .elementor-divider-separator:after{content:none}.elementor-widget-divider--element-align-right .elementor-divider__element{margin-right:0}.elementor-widget-divider--element-align-start .elementor-divider .elementor-divider-separator>.elementor-divider__svg:first-of-type{flex-grow:0;flex-shrink:100}.elementor-widget-divider--element-align-start .elementor-divider-separator:before{content:none}.elementor-widget-divider--element-align-start .elementor-divider__element{margin-inline-start:0}.elementor-widget-divider--element-align-end .elementor-divider .elementor-divider-separator>.elementor-divider__svg:last-of-type{flex-grow:0;flex-shrink:100}.elementor-widget-divider--element-align-end .elementor-divider-separator:after{content:none}.elementor-widget-divider--element-align-end .elementor-divider__element{margin-inline-end:0}.elementor-widget-divider:not(.elementor-widget-divider--view-line_text):not(.elementor-widget-divider--view-line_icon) .elementor-divider-separator{border-block-start:var(--divider-border-width) var(--divider-border-style) var(--divider-color)}.elementor-widget-divider--separator-type-pattern{--divider-border-style:none}.elementor-widget-divider--separator-type-pattern.elementor-widget-divider--view-line .elementor-divider-separator,.elementor-widget-divider--separator-type-pattern:not(.elementor-widget-divider--view-line) .elementor-divider-separator:after,.elementor-widget-divider--separator-type-pattern:not(.elementor-widget-divider--view-line) .elementor-divider-separator:before,.elementor-widget-divider--separator-type-pattern:not([class*=elementor-widget-divider--view]) .elementor-divider-separator{width:100%;min-height:var(--divider-pattern-height);-webkit-mask-size:var(--divider-pattern-size) 100%;mask-size:var(--divider-pattern-size) 100%;-webkit-mask-repeat:var(--divider-pattern-repeat);mask-repeat:var(--divider-pattern-repeat);background-color:var(--divider-color);-webkit-mask-image:var(--divider-pattern-url);mask-image:var(--divider-pattern-url)}.elementor-widget-divider--no-spacing{--divider-pattern-size:auto}.elementor-widget-divider--bg-round{--divider-pattern-repeat:round}.rtl .elementor-widget-divider .elementor-divider__text{direction:rtl}.e-con-inner>.elementor-widget-divider,.e-con>.elementor-widget-divider{width:var(--container-widget-width,100%);--flex-grow:var(--container-widget-flex-grow)}<\/style>\t\t<div class=\"elementor-divider\">\n\t\t\t<span class=\"elementor-divider-separator\">\n\t\t\t\t\t\t<\/span>\n\t\t<\/div>\n\t\t\t\t<\/div>\n\t\t\t\t<\/div>\n\t\t\t\t\t<\/div>\n\t\t\t\t<\/div>\n\t\t<div class=\"elementor-element elementor-element-681ee69 e-flex e-con-boxed e-con e-parent\" data-id=\"681ee69\" data-element_type=\"container\" id=\"Memoria\" data-settings=\"{&quot;content_width&quot;:&quot;boxed&quot;}\" data-core-v316-plus=\"true\">\n\t\t\t\t\t<div class=\"e-con-inner\">\n\t\t\t\t<div class=\"elementor-element elementor-element-7a2b361 elementor-widget elementor-widget-image\" data-id=\"7a2b361\" data-element_type=\"widget\" data-widget_type=\"image.default\">\n\t\t\t\t<div class=\"elementor-widget-container\">\n\t\t\t\t\t\t\t\t\t\t\t\t\t<img decoding=\"async\" width=\"800\" height=\"452\" src=\"https:\/\/development.gstudiocorp.com\/wp-content\/uploads\/2024\/07\/MemoriaFeminista2-1024x578.jpg\" class=\"attachment-large size-large wp-image-3827\" alt=\"\" srcset=\"https:\/\/development.gstudiocorp.com\/wp-content\/uploads\/2024\/07\/MemoriaFeminista2-1024x578.jpg 1024w, https:\/\/development.gstudiocorp.com\/wp-content\/uploads\/2024\/07\/MemoriaFeminista2-300x169.jpg 300w, https:\/\/development.gstudiocorp.com\/wp-content\/uploads\/2024\/07\/MemoriaFeminista2-768x434.jpg 768w, https:\/\/development.gstudiocorp.com\/wp-content\/uploads\/2024\/07\/MemoriaFeminista2-1536x867.jpg 1536w, https:\/\/development.gstudiocorp.com\/wp-content\/uploads\/2024\/07\/MemoriaFeminista2-2048x1156.jpg 2048w, https:\/\/development.gstudiocorp.com\/wp-content\/uploads\/2024\/07\/MemoriaFeminista2-18x10.jpg 18w\" sizes=\"(max-width: 800px) 100vw, 800px\" \/>\t\t\t\t\t\t\t\t\t\t\t\t\t<\/div>\n\t\t\t\t<\/div>\n\t\t\t\t<div class=\"elementor-element elementor-element-24aa342 elementor-widget elementor-widget-spacer\" data-id=\"24aa342\" data-element_type=\"widget\" data-widget_type=\"spacer.default\">\n\t\t\t\t<div class=\"elementor-widget-container\">\n\t\t\t\t\t<div class=\"elementor-spacer\">\n\t\t\t<div class=\"elementor-spacer-inner\"><\/div>\n\t\t<\/div>\n\t\t\t\t<\/div>\n\t\t\t\t<\/div>\n\t\t\t\t<div class=\"elementor-element elementor-element-f382857 elementor-widget elementor-widget-heading\" data-id=\"f382857\" data-element_type=\"widget\" id=\"Archivo\" data-widget_type=\"heading.default\">\n\t\t\t\t<div class=\"elementor-widget-container\">\n\t\t\t<h2 class=\"elementor-heading-title elementor-size-default\"><strong>ARCHIVO DE MEMORIA HIST\u00d3RICA FEMINISTA:<\/strong><\/h2>\t\t<\/div>\n\t\t\t\t<\/div>\n\t\t<div class=\"elementor-element elementor-element-94de888 e-flex e-con-boxed e-con e-child\" data-id=\"94de888\" data-element_type=\"container\" data-settings=\"{&quot;background_background&quot;:&quot;classic&quot;,&quot;content_width&quot;:&quot;boxed&quot;}\">\n\t\t\t\t\t<div class=\"e-con-inner\">\n\t\t<div class=\"elementor-element elementor-element-769c502 e-con-full e-flex e-con e-child\" data-id=\"769c502\" data-element_type=\"container\" data-settings=\"{&quot;content_width&quot;:&quot;full&quot;}\">\n\t\t\t\t<div class=\"elementor-element elementor-element-2819799 elementor-widget elementor-widget-text-editor\" data-id=\"2819799\" data-element_type=\"widget\" data-widget_type=\"text-editor.default\">\n\t\t\t\t<div class=\"elementor-widget-container\">\n\t\t\t\t\t\t\t<p>El trabajo del Archivo de Memoria Hist\u00f3rica Feminista surge en el a\u00f1o 2019 cuando se decide hacer una exposici\u00f3n de materiales y memorias acumuladas y producidas en los primeros 10 a\u00f1os de recorrido de Centro Q\u2019anil. Adicionalmente un archivo de documentos de 50 a\u00f1os de historia feminista Centro y Latinoamericana.\u00a0<\/p><p>El camino abierto por el\u00a0 Centro de Documentaci\u00f3n de Centro Q\u2019anil fue vital, ya que los aportes de las compa\u00f1eras que empezaron identificando enfoques y perspectivas -que maneja, vive y acompa\u00f1a el Centro-, fueron fundamentales para la visualizaci\u00f3n y <em>primera clasificaci\u00f3n te\u00f3rica de archivo f\u00edsico<\/em>.<\/p><p>En la actualidad contamos con una base de datos digital de los materiales ordenados, clasificados en archivo fisico que incluye: Notas, encuentros feministas en la historia, revistas, afiches, peri\u00f3dicos, cuadernos, metodolog\u00edas de Centro Q&#8217;anil. El paso siguiente ser\u00e1 digitalizarlo.<\/p><p>En la actualidad nos encontramos integrando en un mismo espacio f\u00edsico -tanto el Centro de Documentaci\u00f3n como el Archivo de Memoria Hist\u00f3rica Feminista-, para que sea posible en breve abrirlo a las personas interesadas.<\/p>\t\t\t\t\t\t<\/div>\n\t\t\t\t<\/div>\n\t\t\t\t<\/div>\n\t\t\t\t\t<\/div>\n\t\t\t\t<\/div>\n\t\t\t\t<div class=\"elementor-element elementor-element-60dce87 elementor-widget elementor-widget-spacer\" data-id=\"60dce87\" data-element_type=\"widget\" data-widget_type=\"spacer.default\">\n\t\t\t\t<div class=\"elementor-widget-container\">\n\t\t\t\t\t<div class=\"elementor-spacer\">\n\t\t\t<div class=\"elementor-spacer-inner\"><\/div>\n\t\t<\/div>\n\t\t\t\t<\/div>\n\t\t\t\t<\/div>\n\t\t\t\t\t<\/div>\n\t\t\t\t<\/div>\n\t\t\t\t<\/div>","protected":false},"excerpt":{"rendered":"<p>Memoria hist\u00f3rica feminista CENTRO DE DOCUMENTACI\u00d3N JULIA ESQUIVEL: El Centro de Documentaci\u00f3n Julia Esquivel inicia en el a\u00f1o 2012. Su intenci\u00f3n fue desde el principio contar con una dotaci\u00f3n de libros de consulta y lectura para quienes participan en los cursos y diplomados de Centro Q\u2019anil. Contamos en la actualidad con una Biblioteca y Hemeroteca [&hellip;]<\/p>","protected":false},"author":2,"featured_media":0,"parent":0,"menu_order":0,"comment_status":"closed","ping_status":"closed","template":"","meta":{"footnotes":""},"acf":[],"_links":{"self":[{"href":"https:\/\/development.gstudiocorp.com\/en\/wp-json\/wp\/v2\/pages\/3752"}],"collection":[{"href":"https:\/\/development.gstudiocorp.com\/en\/wp-json\/wp\/v2\/pages"}],"about":[{"href":"https:\/\/development.gstudiocorp.com\/en\/wp-json\/wp\/v2\/types\/page"}],"author":[{"embeddable":true,"href":"https:\/\/development.gstudiocorp.com\/en\/wp-json\/wp\/v2\/users\/2"}],"replies":[{"embeddable":true,"href":"https:\/\/development.gstudiocorp.com\/en\/wp-json\/wp\/v2\/comments?post=3752"}],"version-history":[{"count":16,"href":"https:\/\/development.gstudiocorp.com\/en\/wp-json\/wp\/v2\/pages\/3752\/revisions"}],"predecessor-version":[{"id":3830,"href":"https:\/\/development.gstudiocorp.com\/en\/wp-json\/wp\/v2\/pages\/3752\/revisions\/3830"}],"wp:attachment":[{"href":"https:\/\/development.gstudiocorp.com\/en\/wp-json\/wp\/v2\/media?parent=3752"}],"curies":[{"name":"wp","href":"https:\/\/api.w.org\/{rel}","templated":true}]}}